{"id":8037,"date":"2018-05-14T18:15:01","date_gmt":"2018-05-14T16:15:01","guid":{"rendered":"https:\/\/feoni-co.com\/the-essential-for-creators-project-leaders\/"},"modified":"2018-11-17T15:02:38","modified_gmt":"2018-11-17T14:02:38","slug":"essentiel-pour-les-createurs","status":"publish","type":"page","link":"https:\/\/feoni-co.com\/en\/essentiel-pour-les-createurs\/","title":{"rendered":"L'essentiel pour les cr\u00e9ateurs et porteurs de projet"},"content":{"rendered":"<div id=\"dslc-theme-content\"><div id=\"dslc-theme-content-inner\"><div id=\"dslc-main\">\n<div  class=\"dslc-modules-section \" style=\"padding-bottom:40px;padding-top:40px;\" data-section-id=\"8f6a2884dab\">\n<div class=\"dslc-modules-section-wrapper dslc-clearfix\">\n<div class=\"dslc-modules-area dslc-col dslc-12-col dslc-last-col\" data-size=\"12\" data-valign=\"\">\n<div id=\"dslc-module-9dd6108e11d\" class=\"dslc-module-front dslc-module-DSLC_Text_Simple dslc-in-viewport-check dslc-in-viewport-anim-none  dslc-col dslc-12-col dslc-last-col  dslc-module-handle-like-regular \" data-module-id=\"9dd6108e11d\" data-module=\"DSLC_Text_Simple\" data-dslc-module-size=\"12\" data-dslc-anim=\"none\" data-dslc-anim-delay=\"\" data-dslc-anim-duration=\"650\"  data-dslc-anim-easing=\"ease\" data-dslc-preset=\"none\" >\n<div class=\"dslc-text-module-content\">\n<h1 style=\"text-align: center;\">L'essentiel pour les cr\u00e9ateurs et porteurs de projet<\/h1>\n<h2 style=\"text-align: center;\">O\u00f9 et comment fabriquer un sac ou accessoires de maroquinerie ?<\/h2>\n<p style=\"text-align: center;\">Vous \u00eates porteurs de projet ou cr\u00e9ateurs en maroquinerie, voici des articles qui pourraient vous int\u00e9resser pour affiner vos connaissances sur notre secteur et son fonctionnement.<br \/>Vous trouverez des supports pour vous aider dans\u00a0le montage de votre\u00a0dossier (cahier des charges) .<br \/>Pour avoir acc\u00e8s \u00e0 ces outils, il vous suffit de vous identifier en cr\u00e9ant un compte. Ces documents sont directement t\u00e9l\u00e9chargeables sur votre espace.<\/p>\n<p style=\"text-align: center;\">Traditionnellement les ateliers de maroquinerie (prototypage ou bureau d\u2019\u00e9tude) sont compos\u00e9s de maroquiniers et de prototypistes. Notre atelier de maroquinerie se diff\u00e9rencie par la compl\u00e9mentarit\u00e9 de ses profils, ses m\u00e9thodes et sa vision globale. Notre ma\u00eetrise du processus de la cr\u00e9ation \u00e0 la production, nous permet de vite cerner les besoins\u00a0du client, de donner une autre dimension\u00a0stylistique et technique sur le produit tout en prenant en compte le positionnement prix et les contraintes de production.<\/p>\n<p style=\"text-align: center;\">Nous mettons \u00e0 disposition des porteurs de projets issus ou non du secteur de la maroquinerie, des outils et des conseils avis\u00e9s, afin de mieux comprendre les enjeux et le fonctionnement de notre secteur. Le porteur de projet peut ainsi devenir autonome et plus professionnel sur la gestion de son projet. Cela facilite aussi les rapports avec les diff\u00e9rents acteurs (fournisseurs ou fabricants). Il faut savoir qu\u2019un porteur de projet en maroquinerie a besoin d\u2019un certain nombre d\u2019\u00e9l\u00e9ments et de connaissances pour viabiliser son projet.<\/p>\n<\/p><\/div>\n<\/p><\/div>\n<p><!-- .dslc-module --><\/p>\n<div id=\"dslc-module-39ce8e7757a\" class=\"dslc-module-front dslc-module-DSLC_Posts dslc-in-viewport-check dslc-in-viewport-anim-none  dslc-col dslc-12-col dslc-last-col  dslc-module-handle-like-regular \" data-module-id=\"39ce8e7757a\" data-module=\"DSLC_Posts\" data-dslc-module-size=\"12\" data-dslc-anim=\"none\" data-dslc-anim-delay=\"\" data-dslc-anim-duration=\"650\"  data-dslc-anim-easing=\"ease\" data-dslc-preset=\"none\" >\n\t\t<div class=\"dslc-posts dslc-cpt-posts dslc-clearfix dslc-cpt-posts-type-grid dslc-posts-orientation-vertical dslc-init-grid \">\n\n\t\t\t\n\t\t\t<div class=\"dslc-posts-inner\">\n\t\t\t\t\t<div class=\"dslc-post dslc-cpt-post dslc-col dslc-4-col  dslc-first-col\" data-cats=\"\">\n\t\t\t\t\t\t\t\t\t\t\t\t\t\t\t\t\t\t\t\t\n\t\t\t\t\t\t\t\t<div class=\"dslc-post-thumb dslc-cpt-post-thumb dslc-on-hover-anim\">\n\n\t\t\t\t\t\t\t\t\t<div class=\"dslc-cpt-post-thumb-inner dslca-post-thumb\">\n\t\t\t\t\t\t\t\t\t\t\n\t\t\t\t\t\t\t\t\t\t\t\t\t\t\t\t\t\t\t\t\t<a href=\"https:\/\/feoni-co.com\/en\/creationdesac-ficheproduit-2\/\" class=\"\"><img decoding=\"async\" src=\"https:\/\/feoni-co.com\/wp-content\/uploads\/2018\/05\/Fiche-description-produit-sac-1-400x255.jpg\" alt=\"\" title=\"Fiche description produit sac\" \/><\/a>\n\t\t\t\t\t\t\t\t\t\t\t\t\t\t\t\t\t\t\t<\/div><!-- .dslc-cpt-post-thumb-inner -->\n\n\t\t\t\t\t\t\t\t\t\n\t\t\t\t\t\t\t\t<\/div><!-- .dslc-cpt-post-thumb -->\n\n\t\t\t\t\t\t\t\t\t\t\t\t\t\n\t\t\t\t\t\t\n\t\t\t\t\t\t\t<div class=\"dslc-post-main dslc-cpt-post-main\">\n\n\t\t\t\t\t\t\t\t\n\t\t\t\t\t\t\t\t\t<div class=\"dslc-cpt-post-title\">\n\t\t\t\t\t\t\t\t\t\t<h2><a href=\"https:\/\/feoni-co.com\/en\/creationdesac-ficheproduit-2\/\">Cr\u00e9ation de sacs\/accessoires : Fiche produit et calendrier<\/a><\/h2>\n\t\t\t\t\t\t\t\t\t<\/div><!-- .dslc-cpt-post-title -->\n\n\t\t\t\t\t\t\t\t\n\t\t\t\t\t\t\t\t\n\t\t\t\t\t\t\t\t\t\t\t\t\t\t\t\t\t<div class=\"dslc-cpt-post-excerpt\">\n\t\t\t\t\t\t\t\t\t\t\t\t\t\t\t\t\t\t\t\t\t\u00a0 COMMENT BIEN PREPARER SON PREMIERRENDEZ-VOUS AVEC UN ATELIER DE PROTOTYPAGE ? \u00a0 Trouvez les bons&hellip;\t\t\t\t\t\t\t\t\t\t\t\t\t\t\t\t\t\t\t<\/div><!-- .dslc-cpt-post-excerpt -->\n\n\t\t\t\t\t\t\t\t\n\t\t\t\t\t\t\t\t\n\t\t\t\t\t\t\t\t\t<div class=\"dslc-cpt-post-read-more\">\n\t\t\t\t\t\t\t\t\t\t<a href=\"https:\/\/feoni-co.com\/en\/creationdesac-ficheproduit-2\/\">\n\t\t\t\t\t\t\t\t\t\t\t\t\t\t\t\t\t\t\t\t\t\t\t<span class=\"dslc-icon dslc-icon-\"><\/span>\n\t\t\t\t\t\t\t\t\t\t\t\t\t\t\t\t\t\t\t\t\t\tLire la suite\t\t\t\t\t\t\t\t\t\t<\/a>\n\t\t\t\t\t\t\t\t\t<\/div><!-- .dslc-cpt-post-read-more -->\n\n\t\t\t\t\t\t\t\t\n\t\t\t\t\t\t\t<\/div><!-- .dslc-cpt-post-main -->\n\n\t\t\t\t\t\t\n\t\t\t\t\t<\/div><!-- .dslc-cpt-post -->\t\t\t<\/div><!--.dslc-posts-inner -->\n\n\t\t\t\n\t\t<\/div><!-- .dslc-cpt-posts --><\/div>\n<p><!-- .dslc-module -->\n\t\t<\/div>\n<\/div>\n<\/div>\n<\/div>\n<\/div><\/div>","protected":false},"excerpt":{"rendered":"<p>L'essentiel pour les cr\u00e9ateurs et porteurs de projet O\u00f9 et comment fabriquer un sac ou accessoires de maroquinerie ? Vous \u00eates porteurs de projet ou cr\u00e9ateurs en maroquinerie, voici des articles qui pourraient vous int\u00e9resser pour affiner vos connaissances sur notre secteur et son fonctionnement.Vous trouverez des supports pour vous aider dans\u00a0le montage de votre\u00a0dossier [&hellip;]<\/p>\n","protected":false},"author":26,"featured_media":0,"parent":0,"menu_order":0,"comment_status":"closed","ping_status":"closed","template":"","meta":{"_exactmetrics_skip_tracking":false,"_exactmetrics_sitenote_active":false,"_exactmetrics_sitenote_note":"","_exactmetrics_sitenote_category":0,"footnotes":""},"class_list":["post-8037","page","type-page","status-publish","hentry"],"yoast_head":"<!-- This site is optimized with the Yoast SEO plugin v27.3 - https:\/\/yoast.com\/product\/yoast-seo-wordpress\/ -->\n<title>Prototypage en maroquinerie, o\u00f9 faire fabriquer son sac ?<\/title>\n<meta name=\"description\" content=\"Notre atelier de maroquinerie se diff\u00e9rencie par la compl\u00e9mentarit\u00e9 de ses profils, ses m\u00e9thodes et sa vision globale. Notre ma\u00eetrise du processus de la cr\u00e9ation \u00e0 la production, nous permet de vite cerner les besoins\u00a0du client, de donner une autre dimensio % % n\u00a0stylistique et technique sur le produit tout en prenant en compte le positionnement prix et les contraintes de production.\" \/>\n<meta name=\"robots\" content=\"index, follow, max-snippet:-1, max-image-preview:large, max-video-preview:-1\" \/>\n<link rel=\"canonical\" href=\"https:\/\/feoni-co.com\/en\/essentiel-pour-les-createurs\/\" \/>\n<meta property=\"og:locale\" content=\"en_US\" \/>\n<meta property=\"og:type\" content=\"article\" \/>\n<meta property=\"og:title\" content=\"Prototypage en maroquinerie, o\u00f9 faire fabriquer son sac ?\" \/>\n<meta property=\"og:description\" content=\"Notre atelier de maroquinerie se diff\u00e9rencie par la compl\u00e9mentarit\u00e9 de ses profils, ses m\u00e9thodes et sa vision globale. Notre ma\u00eetrise du processus de la cr\u00e9ation \u00e0 la production, nous permet de vite cerner les besoins\u00a0du client, de donner une autre dimensio % % n\u00a0stylistique et technique sur le produit tout en prenant en compte le positionnement prix et les contraintes de production.\" \/>\n<meta property=\"og:url\" content=\"https:\/\/feoni-co.com\/en\/essentiel-pour-les-createurs\/\" \/>\n<meta property=\"og:site_name\" content=\"F\u00e9oni\" \/>\n<meta property=\"article:publisher\" content=\"https:\/\/www.facebook.com\/feonico\/\" \/>\n<meta property=\"article:modified_time\" content=\"2018-11-17T14:02:38+00:00\" \/>\n<meta name=\"twitter:card\" content=\"summary_large_image\" \/>\n<meta name=\"twitter:site\" content=\"@feonico\" \/>\n<meta name=\"twitter:label1\" content=\"Est. reading time\" \/>\n\t<meta name=\"twitter:data1\" content=\"19 minutes\" \/>\n<script type=\"application\/ld+json\" class=\"yoast-schema-graph\">{\"@context\":\"https:\\\/\\\/schema.org\",\"@graph\":[{\"@type\":\"WebPage\",\"@id\":\"https:\\\/\\\/feoni-co.com\\\/en\\\/essentiel-pour-les-createurs\\\/\",\"url\":\"https:\\\/\\\/feoni-co.com\\\/en\\\/essentiel-pour-les-createurs\\\/\",\"name\":\"Prototypage en maroquinerie, o\u00f9 faire fabriquer son sac ?\",\"isPartOf\":{\"@id\":\"https:\\\/\\\/feoni-co.com\\\/en\\\/#website\"},\"datePublished\":\"2018-05-14T16:15:01+00:00\",\"dateModified\":\"2018-11-17T14:02:38+00:00\",\"description\":\"Notre atelier de maroquinerie se diff\u00e9rencie par la compl\u00e9mentarit\u00e9 de ses profils, ses m\u00e9thodes et sa vision globale. Notre ma\u00eetrise du processus de la cr\u00e9ation \u00e0 la production, nous permet de vite cerner les besoins\u00a0du client, de donner une autre dimensio % % n\u00a0stylistique et technique sur le produit tout en prenant en compte le positionnement prix et les contraintes de production.\",\"breadcrumb\":{\"@id\":\"https:\\\/\\\/feoni-co.com\\\/en\\\/essentiel-pour-les-createurs\\\/#breadcrumb\"},\"inLanguage\":\"en-US\",\"potentialAction\":[{\"@type\":\"ReadAction\",\"target\":[\"https:\\\/\\\/feoni-co.com\\\/en\\\/essentiel-pour-les-createurs\\\/\"]}]},{\"@type\":\"BreadcrumbList\",\"@id\":\"https:\\\/\\\/feoni-co.com\\\/en\\\/essentiel-pour-les-createurs\\\/#breadcrumb\",\"itemListElement\":[{\"@type\":\"ListItem\",\"position\":1,\"name\":\"Accueil\",\"item\":\"https:\\\/\\\/feoni-co.com\\\/en\\\/\"},{\"@type\":\"ListItem\",\"position\":2,\"name\":\"L&#8217;essentiel pour les cr\u00e9ateurs et porteurs de projet\"}]},{\"@type\":\"WebSite\",\"@id\":\"https:\\\/\\\/feoni-co.com\\\/en\\\/#website\",\"url\":\"https:\\\/\\\/feoni-co.com\\\/en\\\/\",\"name\":\"F\u00e9oni\",\"description\":\"Co-traitant Maroquinier\",\"publisher\":{\"@id\":\"https:\\\/\\\/feoni-co.com\\\/en\\\/#organization\"},\"potentialAction\":[{\"@type\":\"SearchAction\",\"target\":{\"@type\":\"EntryPoint\",\"urlTemplate\":\"https:\\\/\\\/feoni-co.com\\\/en\\\/?s={search_term_string}\"},\"query-input\":{\"@type\":\"PropertyValueSpecification\",\"valueRequired\":true,\"valueName\":\"search_term_string\"}}],\"inLanguage\":\"en-US\"},{\"@type\":\"Organization\",\"@id\":\"https:\\\/\\\/feoni-co.com\\\/en\\\/#organization\",\"name\":\"Feoni\",\"url\":\"https:\\\/\\\/feoni-co.com\\\/en\\\/\",\"logo\":{\"@type\":\"ImageObject\",\"inLanguage\":\"en-US\",\"@id\":\"https:\\\/\\\/feoni-co.com\\\/en\\\/#\\\/schema\\\/logo\\\/image\\\/\",\"url\":\"https:\\\/\\\/feoni-co.com\\\/wp-content\\\/uploads\\\/2017\\\/08\\\/logo-1.png\",\"contentUrl\":\"https:\\\/\\\/feoni-co.com\\\/wp-content\\\/uploads\\\/2017\\\/08\\\/logo-1.png\",\"width\":\"150\",\"height\":\"150\",\"caption\":\"Feoni\"},\"image\":{\"@id\":\"https:\\\/\\\/feoni-co.com\\\/en\\\/#\\\/schema\\\/logo\\\/image\\\/\"},\"sameAs\":[\"https:\\\/\\\/www.facebook.com\\\/feonico\\\/\",\"https:\\\/\\\/x.com\\\/feonico\",\"https:\\\/\\\/www.instagram.com\\\/feonicommunity\\\/\"]}]}<\/script>\n<!-- \/ Yoast SEO plugin. -->","yoast_head_json":{"title":"Prototypage en maroquinerie, o\u00f9 faire fabriquer son sac ?","description":"Notre atelier de maroquinerie se diff\u00e9rencie par la compl\u00e9mentarit\u00e9 de ses profils, ses m\u00e9thodes et sa vision globale. Notre ma\u00eetrise du processus de la cr\u00e9ation \u00e0 la production, nous permet de vite cerner les besoins\u00a0du client, de donner une autre dimensio % % n\u00a0stylistique et technique sur le produit tout en prenant en compte le positionnement prix et les contraintes de production.","robots":{"index":"index","follow":"follow","max-snippet":"max-snippet:-1","max-image-preview":"max-image-preview:large","max-video-preview":"max-video-preview:-1"},"canonical":"https:\/\/feoni-co.com\/en\/essentiel-pour-les-createurs\/","og_locale":"en_US","og_type":"article","og_title":"Prototypage en maroquinerie, o\u00f9 faire fabriquer son sac ?","og_description":"Notre atelier de maroquinerie se diff\u00e9rencie par la compl\u00e9mentarit\u00e9 de ses profils, ses m\u00e9thodes et sa vision globale. Notre ma\u00eetrise du processus de la cr\u00e9ation \u00e0 la production, nous permet de vite cerner les besoins\u00a0du client, de donner une autre dimensio % % n\u00a0stylistique et technique sur le produit tout en prenant en compte le positionnement prix et les contraintes de production.","og_url":"https:\/\/feoni-co.com\/en\/essentiel-pour-les-createurs\/","og_site_name":"F\u00e9oni","article_publisher":"https:\/\/www.facebook.com\/feonico\/","article_modified_time":"2018-11-17T14:02:38+00:00","twitter_card":"summary_large_image","twitter_site":"@feonico","twitter_misc":{"Est. reading time":"19 minutes"},"schema":{"@context":"https:\/\/schema.org","@graph":[{"@type":"WebPage","@id":"https:\/\/feoni-co.com\/en\/essentiel-pour-les-createurs\/","url":"https:\/\/feoni-co.com\/en\/essentiel-pour-les-createurs\/","name":"Prototypage en maroquinerie, o\u00f9 faire fabriquer son sac ?","isPartOf":{"@id":"https:\/\/feoni-co.com\/en\/#website"},"datePublished":"2018-05-14T16:15:01+00:00","dateModified":"2018-11-17T14:02:38+00:00","description":"Notre atelier de maroquinerie se diff\u00e9rencie par la compl\u00e9mentarit\u00e9 de ses profils, ses m\u00e9thodes et sa vision globale. Notre ma\u00eetrise du processus de la cr\u00e9ation \u00e0 la production, nous permet de vite cerner les besoins\u00a0du client, de donner une autre dimensio % % n\u00a0stylistique et technique sur le produit tout en prenant en compte le positionnement prix et les contraintes de production.","breadcrumb":{"@id":"https:\/\/feoni-co.com\/en\/essentiel-pour-les-createurs\/#breadcrumb"},"inLanguage":"en-US","potentialAction":[{"@type":"ReadAction","target":["https:\/\/feoni-co.com\/en\/essentiel-pour-les-createurs\/"]}]},{"@type":"BreadcrumbList","@id":"https:\/\/feoni-co.com\/en\/essentiel-pour-les-createurs\/#breadcrumb","itemListElement":[{"@type":"ListItem","position":1,"name":"Accueil","item":"https:\/\/feoni-co.com\/en\/"},{"@type":"ListItem","position":2,"name":"L&#8217;essentiel pour les cr\u00e9ateurs et porteurs de projet"}]},{"@type":"WebSite","@id":"https:\/\/feoni-co.com\/en\/#website","url":"https:\/\/feoni-co.com\/en\/","name":"F\u00e9oni","description":"Co-traitant Maroquinier","publisher":{"@id":"https:\/\/feoni-co.com\/en\/#organization"},"potentialAction":[{"@type":"SearchAction","target":{"@type":"EntryPoint","urlTemplate":"https:\/\/feoni-co.com\/en\/?s={search_term_string}"},"query-input":{"@type":"PropertyValueSpecification","valueRequired":true,"valueName":"search_term_string"}}],"inLanguage":"en-US"},{"@type":"Organization","@id":"https:\/\/feoni-co.com\/en\/#organization","name":"Feoni","url":"https:\/\/feoni-co.com\/en\/","logo":{"@type":"ImageObject","inLanguage":"en-US","@id":"https:\/\/feoni-co.com\/en\/#\/schema\/logo\/image\/","url":"https:\/\/feoni-co.com\/wp-content\/uploads\/2017\/08\/logo-1.png","contentUrl":"https:\/\/feoni-co.com\/wp-content\/uploads\/2017\/08\/logo-1.png","width":"150","height":"150","caption":"Feoni"},"image":{"@id":"https:\/\/feoni-co.com\/en\/#\/schema\/logo\/image\/"},"sameAs":["https:\/\/www.facebook.com\/feonico\/","https:\/\/x.com\/feonico","https:\/\/www.instagram.com\/feonicommunity\/"]}]}},"_links":{"self":[{"href":"https:\/\/feoni-co.com\/en\/wp-json\/wp\/v2\/pages\/8037","targetHints":{"allow":["GET"]}}],"collection":[{"href":"https:\/\/feoni-co.com\/en\/wp-json\/wp\/v2\/pages"}],"about":[{"href":"https:\/\/feoni-co.com\/en\/wp-json\/wp\/v2\/types\/page"}],"author":[{"embeddable":true,"href":"https:\/\/feoni-co.com\/en\/wp-json\/wp\/v2\/users\/26"}],"replies":[{"embeddable":true,"href":"https:\/\/feoni-co.com\/en\/wp-json\/wp\/v2\/comments?post=8037"}],"version-history":[{"count":11,"href":"https:\/\/feoni-co.com\/en\/wp-json\/wp\/v2\/pages\/8037\/revisions"}],"predecessor-version":[{"id":9595,"href":"https:\/\/feoni-co.com\/en\/wp-json\/wp\/v2\/pages\/8037\/revisions\/9595"}],"wp:attachment":[{"href":"https:\/\/feoni-co.com\/en\/wp-json\/wp\/v2\/media?parent=8037"}],"curies":[{"name":"wp","href":"https:\/\/api.w.org\/{rel}","templated":true}]}}